{"id":998,"date":"2020-01-08T17:33:14","date_gmt":"2020-01-08T16:33:14","guid":{"rendered":"https:\/\/2020.finger-online.net\/produkt\/zylinderschrauben-din-912-a2-a4-2"},"modified":"2020-02-01T17:02:15","modified_gmt":"2020-02-01T16:02:15","slug":"zylinderschrauben-din-912-a2-a4-2","status":"publish","type":"product","link":"https:\/\/2020.finger-online.net\/en\/product\/zylinderschrauben-din-912-a2-a4-2","title":{"rendered":"Cylinder screws DIN 912 A2 \/ A4"},"content":{"rendered":"<h5>mit Innensechskant (Teilgewinde)<\/h5>\n<h3>Spezifikationen<\/h3>\n<ul>\n<li>auch mit Innenvielzahn &#8211; Antrieb (TX) erh\u00e4ltlich<\/li>\n<li>Teil-\/Vollgewinde<\/li>\n<li>andere oder Sonderwerkstoffe auf Anfrage<\/li>\n<li>auch Sonderl\u00e4ngen verf\u00fcgbar<\/li>\n<\/ul>\n<h3><a title=\"Zylinderschrauben\" href=\"http:\/\/finger-online.net\/uploads\/_downloads\/din912.pdf\">Download Zylinderschrauben<\/a><\/h3>\n<p><a title=\"Zylinderschrauben\" href=\"http:\/\/finger-online.net\/uploads\/_downloads\/din912.pdf\"><img decoding=\"async\" class=\"bild_links\" title=\"Zylinderschrauben\" src=\"http:\/\/finger-online.net\/images\/sonstiges\/pdf.gif\" alt=\"Herunterladen\" \/><\/a><\/p>\n<p>Klicken Sie hier, um das Dokument als PDF herunterzuladen.<br \/>\n<small>Gr\u00f6\u00dfe: <strong>73,4 KB<\/strong>\u00a0\u00a0\u00a0\u00a0\u00a0Typ: <strong>PDF<\/strong><\/small><\/p>","protected":false},"excerpt":{"rendered":"<p>mit Innensechskant (Teilgewinde) Spezifikationen auch mit Innenvielzahn &#8211; Antrieb (TX) erh\u00e4ltlich Teil-\/Vollgewinde andere oder Sonderwerkstoffe auf Anfrage auch Sonderl\u00e4ngen verf\u00fcgbar Download Zylinderschrauben Klicken Sie hier, um das Dokument als PDF herunterzuladen. Gr\u00f6\u00dfe: 73,4 KB\u00a0\u00a0\u00a0\u00a0\u00a0Typ: PDF<\/p>","protected":false},"featured_media":1697,"template":"","meta":[],"product_brand":[],"product_cat":[212],"product_tag":[32],"class_list":{"0":"post-998","1":"product","2":"type-product","3":"status-publish","4":"has-post-thumbnail","6":"product_cat-din-und-normteile","7":"product_tag-innensechskant","9":"first","10":"instock","11":"product-type-simple"},"_links":{"self":[{"href":"https:\/\/2020.finger-online.net\/en\/wp-json\/wp\/v2\/product\/998","targetHints":{"allow":["GET"]}}],"collection":[{"href":"https:\/\/2020.finger-online.net\/en\/wp-json\/wp\/v2\/product"}],"about":[{"href":"https:\/\/2020.finger-online.net\/en\/wp-json\/wp\/v2\/types\/product"}],"wp:featuredmedia":[{"embeddable":true,"href":"https:\/\/2020.finger-online.net\/en\/wp-json\/wp\/v2\/media\/1697"}],"wp:attachment":[{"href":"https:\/\/2020.finger-online.net\/en\/wp-json\/wp\/v2\/media?parent=998"}],"wp:term":[{"taxonomy":"product_brand","embeddable":true,"href":"https:\/\/2020.finger-online.net\/en\/wp-json\/wp\/v2\/product_brand?post=998"},{"taxonomy":"product_cat","embeddable":true,"href":"https:\/\/2020.finger-online.net\/en\/wp-json\/wp\/v2\/product_cat?post=998"},{"taxonomy":"product_tag","embeddable":true,"href":"https:\/\/2020.finger-online.net\/en\/wp-json\/wp\/v2\/product_tag?post=998"}],"curies":[{"name":"wp","href":"https:\/\/api.w.org\/{rel}","templated":true}]}}