{"id":982,"date":"2020-01-08T17:33:10","date_gmt":"2020-01-08T16:33:10","guid":{"rendered":"https:\/\/2020.finger-online.net\/produkt\/linsen-senkschrauben-din-966-a2-a4"},"modified":"2022-02-05T16:36:45","modified_gmt":"2022-02-05T15:36:45","slug":"linsen-senkschrauben-din-966-a2-a4","status":"publish","type":"product","link":"https:\/\/2020.finger-online.net\/en\/product\/linsen-senkschrauben-din-966-a2-a4","title":{"rendered":"Lens countersunk screws DIN 966 A2 \/ A4"},"content":{"rendered":"<h5>mit Kreuzschlitz<\/h5>\n<h3>Spezifikationen<\/h3>\n<ul>\n<li>Antrieb mit Kreuzschlitz H (Phillips) oder Z (Pozi-Drive)<\/li>\n<li>auch mit Innenvielzahn &#8211; Antrieb (TX) erh\u00e4ltlich<\/li>\n<li>andere oder Sonderwerkstoffe auf Anfrage<\/li>\n<li>Sonderl\u00e4ngen ebenfalls verf\u00fcgbar<\/li>\n<\/ul>\n<p><a title=\"Linsen-Senkschrauben\" href=\"https:\/\/2020.finger-online.net\/wp-content\/uploads\/2022\/02\/din966.pdf\">Download DIN-966<\/a><\/p>\n<p>Klicken Sie hier, um das Dokument als PDF herunterzuladen.<br \/>\n<small>Gr\u00f6\u00dfe: <strong>107,8 KB<\/strong>\u00a0\u00a0\u00a0\u00a0\u00a0Typ: <strong>PDF<\/strong><\/small><\/p>","protected":false},"excerpt":{"rendered":"<p>mit Kreuzschlitz Spezifikationen Antrieb mit Kreuzschlitz H (Phillips) oder Z (Pozi-Drive) auch mit Innenvielzahn &#8211; Antrieb (TX) erh\u00e4ltlich andere oder Sonderwerkstoffe auf Anfrage Sonderl\u00e4ngen ebenfalls verf\u00fcgbar Download DIN-966 Klicken Sie hier, um das Dokument als PDF herunterzuladen. Gr\u00f6\u00dfe: 107,8 KB\u00a0\u00a0\u00a0\u00a0\u00a0Typ: PDF<\/p>","protected":false},"featured_media":1708,"template":"","meta":[],"product_brand":[],"product_cat":[212],"product_tag":[29],"class_list":{"0":"post-982","1":"product","2":"type-product","3":"status-publish","4":"has-post-thumbnail","6":"product_cat-din-und-normteile","7":"product_tag-kreuzschlitz","9":"first","10":"instock","11":"product-type-simple"},"_links":{"self":[{"href":"https:\/\/2020.finger-online.net\/en\/wp-json\/wp\/v2\/product\/982","targetHints":{"allow":["GET"]}}],"collection":[{"href":"https:\/\/2020.finger-online.net\/en\/wp-json\/wp\/v2\/product"}],"about":[{"href":"https:\/\/2020.finger-online.net\/en\/wp-json\/wp\/v2\/types\/product"}],"wp:featuredmedia":[{"embeddable":true,"href":"https:\/\/2020.finger-online.net\/en\/wp-json\/wp\/v2\/media\/1708"}],"wp:attachment":[{"href":"https:\/\/2020.finger-online.net\/en\/wp-json\/wp\/v2\/media?parent=982"}],"wp:term":[{"taxonomy":"product_brand","embeddable":true,"href":"https:\/\/2020.finger-online.net\/en\/wp-json\/wp\/v2\/product_brand?post=982"},{"taxonomy":"product_cat","embeddable":true,"href":"https:\/\/2020.finger-online.net\/en\/wp-json\/wp\/v2\/product_cat?post=982"},{"taxonomy":"product_tag","embeddable":true,"href":"https:\/\/2020.finger-online.net\/en\/wp-json\/wp\/v2\/product_tag?post=982"}],"curies":[{"name":"wp","href":"https:\/\/api.w.org\/{rel}","templated":true}]}}