{"id":981,"date":"2020-01-08T17:33:10","date_gmt":"2020-01-08T16:33:10","guid":{"rendered":"https:\/\/2020.finger-online.net\/produkt\/senkschrauben-tx-aehnlich-din-7991-a2-a4"},"modified":"2022-02-05T13:13:12","modified_gmt":"2022-02-05T12:13:12","slug":"senkschrauben-tx-aehnlich-din-7991-a2-a4","status":"publish","type":"product","link":"https:\/\/2020.finger-online.net\/en\/product\/senkschrauben-tx-aehnlich-din-7991-a2-a4","title":{"rendered":"countersunk screws TX similar to DIN 7991 A2 \/ A4"},"content":{"rendered":"<h3>mit Innenvielzahn &#8211; Antrieb (TX)<\/h3>\n<h3>Spezifikationen<\/h3>\n<ul>\n<li>auch mit Innensechskantantrieb erh\u00e4ltlich<\/li>\n<li>andere oder Sonderwerkstoffe auf Anfrage<\/li>\n<li>auch Sonderl\u00e4ngen verf\u00fcgbar<\/li>\n<li>Vollgewinde und Teilgewinde erh\u00e4ltlich<\/li>\n<\/ul>\n<p><a title=\"Senkschrauben TX\" href=\"https:\/\/2020.finger-online.net\/wp-content\/uploads\/2022\/02\/din7991TX.pdf\">Download Senkschrauben TX<\/a><\/p>\n<p>Klicken Sie hier, um das Dokument als PDF herunterzuladen.<br \/>\n<small>Gr\u00f6\u00dfe: <strong>110,0 KB<\/strong>\u00a0\u00a0\u00a0\u00a0\u00a0Typ: <strong>PDF<\/strong><\/small><\/p>","protected":false},"excerpt":{"rendered":"<p>mit Innenvielzahn &#8211; Antrieb (TX) Spezifikationen auch mit Innensechskantantrieb erh\u00e4ltlich andere oder Sonderwerkstoffe auf Anfrage auch Sonderl\u00e4ngen verf\u00fcgbar Vollgewinde und Teilgewinde erh\u00e4ltlich Download Senkschrauben TX Klicken Sie hier, um das Dokument als PDF herunterzuladen. Gr\u00f6\u00dfe: 110,0 KB\u00a0\u00a0\u00a0\u00a0\u00a0Typ: PDF<\/p>","protected":false},"featured_media":1709,"template":"","meta":[],"product_brand":[],"product_cat":[212],"product_tag":[31],"class_list":{"0":"post-981","1":"product","2":"type-product","3":"status-publish","4":"has-post-thumbnail","6":"product_cat-din-und-normteile","7":"product_tag-innenvielzahn","9":"first","10":"instock","11":"product-type-simple"},"_links":{"self":[{"href":"https:\/\/2020.finger-online.net\/en\/wp-json\/wp\/v2\/product\/981","targetHints":{"allow":["GET"]}}],"collection":[{"href":"https:\/\/2020.finger-online.net\/en\/wp-json\/wp\/v2\/product"}],"about":[{"href":"https:\/\/2020.finger-online.net\/en\/wp-json\/wp\/v2\/types\/product"}],"wp:featuredmedia":[{"embeddable":true,"href":"https:\/\/2020.finger-online.net\/en\/wp-json\/wp\/v2\/media\/1709"}],"wp:attachment":[{"href":"https:\/\/2020.finger-online.net\/en\/wp-json\/wp\/v2\/media?parent=981"}],"wp:term":[{"taxonomy":"product_brand","embeddable":true,"href":"https:\/\/2020.finger-online.net\/en\/wp-json\/wp\/v2\/product_brand?post=981"},{"taxonomy":"product_cat","embeddable":true,"href":"https:\/\/2020.finger-online.net\/en\/wp-json\/wp\/v2\/product_cat?post=981"},{"taxonomy":"product_tag","embeddable":true,"href":"https:\/\/2020.finger-online.net\/en\/wp-json\/wp\/v2\/product_tag?post=981"}],"curies":[{"name":"wp","href":"https:\/\/api.w.org\/{rel}","templated":true}]}}