{"id":980,"date":"2020-01-08T17:33:10","date_gmt":"2020-01-08T16:33:10","guid":{"rendered":"https:\/\/2020.finger-online.net\/produkt\/senkschauben-din-963-a2-a4"},"modified":"2022-02-05T16:38:35","modified_gmt":"2022-02-05T15:38:35","slug":"senkschauben-din-963-a2-a4","status":"publish","type":"product","link":"https:\/\/2020.finger-online.net\/en\/product\/senkschauben-din-963-a2-a4","title":{"rendered":"countersunk screws DIN 963 A2\/A4"},"content":{"rendered":"<h3>Spezifikationen<\/h3>\n<ul>\n<li>ebenfalls in A2\/A4 erh\u00e4ltlich<\/li>\n<li>andere oder Sonderwerkstoffe auf Anfrage<\/li>\n<li>auch Sonderl\u00e4ngen verf\u00fcgbar<\/li>\n<\/ul>\n<p><a title=\"Senkschauben\" href=\"https:\/\/2020.finger-online.net\/wp-content\/uploads\/2022\/02\/din963.pdf\">Download DIN-963<\/a><\/p>\n<p>Klicken Sie hier, um das Dokument als PDF herunterzuladen.<br \/>\n<small>Gr\u00f6\u00dfe: <strong>66,1 KB<\/strong>\u00a0\u00a0\u00a0\u00a0\u00a0Typ: <strong>PDF<\/strong><\/small><\/p>","protected":false},"excerpt":{"rendered":"<p>Spezifikationen ebenfalls in A2\/A4 erh\u00e4ltlich andere oder Sonderwerkstoffe auf Anfrage auch Sonderl\u00e4ngen verf\u00fcgbar Download DIN-963 Klicken Sie hier, um das Dokument als PDF herunterzuladen. Gr\u00f6\u00dfe: 66,1 KB\u00a0\u00a0\u00a0\u00a0\u00a0Typ: PDF<\/p>","protected":false},"featured_media":1710,"template":"","meta":[],"product_brand":[],"product_cat":[212],"product_tag":[30],"class_list":{"0":"post-980","1":"product","2":"type-product","3":"status-publish","4":"has-post-thumbnail","6":"product_cat-din-und-normteile","7":"product_tag-senkschraube","9":"first","10":"instock","11":"product-type-simple"},"_links":{"self":[{"href":"https:\/\/2020.finger-online.net\/en\/wp-json\/wp\/v2\/product\/980","targetHints":{"allow":["GET"]}}],"collection":[{"href":"https:\/\/2020.finger-online.net\/en\/wp-json\/wp\/v2\/product"}],"about":[{"href":"https:\/\/2020.finger-online.net\/en\/wp-json\/wp\/v2\/types\/product"}],"wp:featuredmedia":[{"embeddable":true,"href":"https:\/\/2020.finger-online.net\/en\/wp-json\/wp\/v2\/media\/1710"}],"wp:attachment":[{"href":"https:\/\/2020.finger-online.net\/en\/wp-json\/wp\/v2\/media?parent=980"}],"wp:term":[{"taxonomy":"product_brand","embeddable":true,"href":"https:\/\/2020.finger-online.net\/en\/wp-json\/wp\/v2\/product_brand?post=980"},{"taxonomy":"product_cat","embeddable":true,"href":"https:\/\/2020.finger-online.net\/en\/wp-json\/wp\/v2\/product_cat?post=980"},{"taxonomy":"product_tag","embeddable":true,"href":"https:\/\/2020.finger-online.net\/en\/wp-json\/wp\/v2\/product_tag?post=980"}],"curies":[{"name":"wp","href":"https:\/\/api.w.org\/{rel}","templated":true}]}}