{"id":978,"date":"2020-01-08T17:33:10","date_gmt":"2020-01-08T16:33:10","guid":{"rendered":"https:\/\/2020.finger-online.net\/produkt\/sechskantschrauben-din-933-a2-a4"},"modified":"2022-02-05T16:40:31","modified_gmt":"2022-02-05T15:40:31","slug":"sechskantschrauben-din-933-a2-a4","status":"publish","type":"product","link":"https:\/\/2020.finger-online.net\/en\/product\/sechskantschrauben-din-933-a2-a4","title":{"rendered":"hexagon socket screws DIN 933 A2 \/ A4"},"content":{"rendered":"<h5>mit Gewinde bis Kopf<\/h5>\n<h3>Spezifikationen<\/h3>\n<ul>\n<li>andere oder Sonderwerkstoffe ebenfalls auf Anfrage<\/li>\n<li>auch Sonderl\u00e4ngen verf\u00fcgbar<\/li>\n<li>Sonderwerkstoff 1.4529 \u201eSchwimmbadwerkstoff\u201c erh\u00e4ltlich<\/li>\n<\/ul>\n<p><a title=\"Sechskantschrauben\" href=\"https:\/\/2020.finger-online.net\/wp-content\/uploads\/2022\/02\/din933.pdf\">Download DIN-933<\/a><\/p>\n<p>Klicken Sie hier, um das Dokument als PDF herunterzuladen.<br \/>\n<small>Gr\u00f6\u00dfe: <strong>65,8 KB<\/strong>\u00a0\u00a0\u00a0\u00a0\u00a0Typ: <strong>PDF<\/strong><\/small><\/p>","protected":false},"excerpt":{"rendered":"<p>mit Gewinde bis Kopf Spezifikationen andere oder Sonderwerkstoffe ebenfalls auf Anfrage auch Sonderl\u00e4ngen verf\u00fcgbar Sonderwerkstoff 1.4529 \u201eSchwimmbadwerkstoff\u201c erh\u00e4ltlich Download DIN-933 Klicken Sie hier, um das Dokument als PDF herunterzuladen. Gr\u00f6\u00dfe: 65,8 KB\u00a0\u00a0\u00a0\u00a0\u00a0Typ: PDF<\/p>","protected":false},"featured_media":1714,"template":"","meta":[],"product_brand":[],"product_cat":[212],"product_tag":[28],"class_list":{"0":"post-978","1":"product","2":"type-product","3":"status-publish","4":"has-post-thumbnail","6":"product_cat-din-und-normteile","7":"product_tag-gewinde","9":"first","10":"instock","11":"product-type-simple"},"_links":{"self":[{"href":"https:\/\/2020.finger-online.net\/en\/wp-json\/wp\/v2\/product\/978","targetHints":{"allow":["GET"]}}],"collection":[{"href":"https:\/\/2020.finger-online.net\/en\/wp-json\/wp\/v2\/product"}],"about":[{"href":"https:\/\/2020.finger-online.net\/en\/wp-json\/wp\/v2\/types\/product"}],"wp:featuredmedia":[{"embeddable":true,"href":"https:\/\/2020.finger-online.net\/en\/wp-json\/wp\/v2\/media\/1714"}],"wp:attachment":[{"href":"https:\/\/2020.finger-online.net\/en\/wp-json\/wp\/v2\/media?parent=978"}],"wp:term":[{"taxonomy":"product_brand","embeddable":true,"href":"https:\/\/2020.finger-online.net\/en\/wp-json\/wp\/v2\/product_brand?post=978"},{"taxonomy":"product_cat","embeddable":true,"href":"https:\/\/2020.finger-online.net\/en\/wp-json\/wp\/v2\/product_cat?post=978"},{"taxonomy":"product_tag","embeddable":true,"href":"https:\/\/2020.finger-online.net\/en\/wp-json\/wp\/v2\/product_tag?post=978"}],"curies":[{"name":"wp","href":"https:\/\/api.w.org\/{rel}","templated":true}]}}