{"id":1221,"date":"2020-01-08T17:33:55","date_gmt":"2020-01-08T16:33:55","guid":{"rendered":"https:\/\/2020.finger-online.net\/produkt\/senkkopfblechschrauben-din-7982-tx-a2-a4"},"modified":"2020-01-08T21:37:31","modified_gmt":"2020-01-08T20:37:31","slug":"senkkopfblechschrauben-din-7982-tx-a2-a4","status":"publish","type":"product","link":"https:\/\/2020.finger-online.net\/en\/product\/senkkopfblechschrauben-din-7982-tx-a2-a4","title":{"rendered":"lens sheet metal screws DIN 7982 TX A2\/A4"},"content":{"rendered":"<p>mit Innenvielzahn &#8211; Antrieb (TX)<\/p>\n<h3>Spezifikationen<\/h3>\n<ul>\n<li>auch mit Kreuzschlitz H (Phillips) oder Z (Pozi-Drive) erh\u00e4ltlich<\/li>\n<li>andere oder Sonderwerkstoffe auf Anfrage<\/li>\n<li>Sonderwerkstoff 1.4529 \u201eSchwimmbadwerkstoff\u201c erh\u00e4ltlich<\/li>\n<li>auch Sonderl\u00e4ngen verf\u00fcgbar<\/li>\n<\/ul>","protected":false},"excerpt":{"rendered":"<p>mit Innenvielzahn &#8211; Antrieb (TX) Spezifikationen auch mit Kreuzschlitz H (Phillips) oder Z (Pozi-Drive) erh\u00e4ltlich andere oder Sonderwerkstoffe auf Anfrage Sonderwerkstoff 1.4529 \u201eSchwimmbadwerkstoff\u201c erh\u00e4ltlich auch Sonderl\u00e4ngen verf\u00fcgbar<\/p>","protected":false},"featured_media":1338,"template":"","meta":[],"product_brand":[],"product_cat":[212],"product_tag":[206],"class_list":{"0":"post-1221","1":"product","2":"type-product","3":"status-publish","4":"has-post-thumbnail","6":"product_cat-din-und-normteile","7":"product_tag-blechschraube","9":"first","10":"instock","11":"product-type-simple"},"_links":{"self":[{"href":"https:\/\/2020.finger-online.net\/en\/wp-json\/wp\/v2\/product\/1221","targetHints":{"allow":["GET"]}}],"collection":[{"href":"https:\/\/2020.finger-online.net\/en\/wp-json\/wp\/v2\/product"}],"about":[{"href":"https:\/\/2020.finger-online.net\/en\/wp-json\/wp\/v2\/types\/product"}],"wp:featuredmedia":[{"embeddable":true,"href":"https:\/\/2020.finger-online.net\/en\/wp-json\/wp\/v2\/media\/1338"}],"wp:attachment":[{"href":"https:\/\/2020.finger-online.net\/en\/wp-json\/wp\/v2\/media?parent=1221"}],"wp:term":[{"taxonomy":"product_brand","embeddable":true,"href":"https:\/\/2020.finger-online.net\/en\/wp-json\/wp\/v2\/product_brand?post=1221"},{"taxonomy":"product_cat","embeddable":true,"href":"https:\/\/2020.finger-online.net\/en\/wp-json\/wp\/v2\/product_cat?post=1221"},{"taxonomy":"product_tag","embeddable":true,"href":"https:\/\/2020.finger-online.net\/en\/wp-json\/wp\/v2\/product_tag?post=1221"}],"curies":[{"name":"wp","href":"https:\/\/api.w.org\/{rel}","templated":true}]}}