{"id":1165,"date":"2020-01-08T17:33:42","date_gmt":"2020-01-08T16:33:42","guid":{"rendered":"https:\/\/2020.finger-online.net\/produkt\/edelstahl-flachkopfblechschrauben-mit-innensechskant"},"modified":"2020-01-09T15:46:53","modified_gmt":"2020-01-09T14:46:53","slug":"edelstahl-flachkopfblechschrauben-mit-innensechskant","status":"publish","type":"product","link":"https:\/\/2020.finger-online.net\/en\/product\/edelstahl-flachkopfblechschrauben-mit-innensechskant","title":{"rendered":"stainless steel flat head screws with hexagon socket"},"content":{"rendered":"<h3>Spezifikationen<\/h3>\n<ul>\n<li>andere oder Sonderwerkstoffe auf Anfrage<\/li>\n<li>auch Sondergr\u00f6\u00dfen verf\u00fcgbar<\/li>\n<\/ul>","protected":false},"excerpt":{"rendered":"<p>Spezifikationen andere oder Sonderwerkstoffe auf Anfrage auch Sondergr\u00f6\u00dfen verf\u00fcgbar<\/p>","protected":false},"featured_media":1397,"template":"","meta":[],"product_brand":[],"product_cat":[213],"product_tag":[157],"class_list":{"0":"post-1165","1":"product","2":"type-product","3":"status-publish","4":"has-post-thumbnail","6":"product_cat-spezialteile","7":"product_tag-blechschrauben","9":"first","10":"instock","11":"product-type-simple"},"_links":{"self":[{"href":"https:\/\/2020.finger-online.net\/en\/wp-json\/wp\/v2\/product\/1165","targetHints":{"allow":["GET"]}}],"collection":[{"href":"https:\/\/2020.finger-online.net\/en\/wp-json\/wp\/v2\/product"}],"about":[{"href":"https:\/\/2020.finger-online.net\/en\/wp-json\/wp\/v2\/types\/product"}],"wp:featuredmedia":[{"embeddable":true,"href":"https:\/\/2020.finger-online.net\/en\/wp-json\/wp\/v2\/media\/1397"}],"wp:attachment":[{"href":"https:\/\/2020.finger-online.net\/en\/wp-json\/wp\/v2\/media?parent=1165"}],"wp:term":[{"taxonomy":"product_brand","embeddable":true,"href":"https:\/\/2020.finger-online.net\/en\/wp-json\/wp\/v2\/product_brand?post=1165"},{"taxonomy":"product_cat","embeddable":true,"href":"https:\/\/2020.finger-online.net\/en\/wp-json\/wp\/v2\/product_cat?post=1165"},{"taxonomy":"product_tag","embeddable":true,"href":"https:\/\/2020.finger-online.net\/en\/wp-json\/wp\/v2\/product_tag?post=1165"}],"curies":[{"name":"wp","href":"https:\/\/api.w.org\/{rel}","templated":true}]}}