{"id":1144,"date":"2020-01-08T17:33:39","date_gmt":"2020-01-08T16:33:39","guid":{"rendered":"https:\/\/2020.finger-online.net\/produkt\/sechskantschraube-mit-kreuzschlitz-a2"},"modified":"2020-01-09T16:05:40","modified_gmt":"2020-01-09T15:05:40","slug":"sechskantschraube-mit-kreuzschlitz-a2","status":"publish","type":"product","link":"https:\/\/2020.finger-online.net\/en\/product\/sechskantschraube-mit-kreuzschlitz-a2","title":{"rendered":"hexagon sockert screw with cross recess A2"},"content":{"rendered":"<h3>Spezifikationen<\/h3>\n<ul>\n<li>andere oder Sonderwerkstoffe auf Anfrage<\/li>\n<li>auch Sondergr\u00f6\u00dfen verf\u00fcgbar<\/li>\n<\/ul>","protected":false},"excerpt":{"rendered":"<p>Spezifikationen andere oder Sonderwerkstoffe auf Anfrage auch Sondergr\u00f6\u00dfen verf\u00fcgbar<\/p>","protected":false},"featured_media":1414,"template":"","meta":[],"product_brand":[],"product_cat":[213],"product_tag":[138],"class_list":{"0":"post-1144","1":"product","2":"type-product","3":"status-publish","4":"has-post-thumbnail","6":"product_cat-spezialteile","7":"product_tag-kreuzschlitzschrauben","9":"first","10":"instock","11":"product-type-simple"},"_links":{"self":[{"href":"https:\/\/2020.finger-online.net\/en\/wp-json\/wp\/v2\/product\/1144","targetHints":{"allow":["GET"]}}],"collection":[{"href":"https:\/\/2020.finger-online.net\/en\/wp-json\/wp\/v2\/product"}],"about":[{"href":"https:\/\/2020.finger-online.net\/en\/wp-json\/wp\/v2\/types\/product"}],"wp:featuredmedia":[{"embeddable":true,"href":"https:\/\/2020.finger-online.net\/en\/wp-json\/wp\/v2\/media\/1414"}],"wp:attachment":[{"href":"https:\/\/2020.finger-online.net\/en\/wp-json\/wp\/v2\/media?parent=1144"}],"wp:term":[{"taxonomy":"product_brand","embeddable":true,"href":"https:\/\/2020.finger-online.net\/en\/wp-json\/wp\/v2\/product_brand?post=1144"},{"taxonomy":"product_cat","embeddable":true,"href":"https:\/\/2020.finger-online.net\/en\/wp-json\/wp\/v2\/product_cat?post=1144"},{"taxonomy":"product_tag","embeddable":true,"href":"https:\/\/2020.finger-online.net\/en\/wp-json\/wp\/v2\/product_tag?post=1144"}],"curies":[{"name":"wp","href":"https:\/\/api.w.org\/{rel}","templated":true}]}}