{"id":1124,"date":"2020-01-08T17:33:35","date_gmt":"2020-01-08T16:33:35","guid":{"rendered":"https:\/\/2020.finger-online.net\/produkt\/senkkopf-blechschrauben-din-7982-tx-a2-a4"},"modified":"2022-02-05T13:22:06","modified_gmt":"2022-02-05T12:22:06","slug":"senkkopf-blechschrauben-din-7982-tx-a2-a4","status":"publish","type":"product","link":"https:\/\/2020.finger-online.net\/en\/product\/senkkopf-blechschrauben-din-7982-tx-a2-a4","title":{"rendered":"countersunk head sheet metal screws DIN 7982 TX A2 \/ A4"},"content":{"rendered":"<p>mit Innenvielzahn &#8211; Antrieb (TX)<\/p>\n<h3>Spezifikationen<\/h3>\n<ul>\n<li>auch mit Kreuzschlitz H (Phillips) oder Z (Pozi-Drive) erh\u00e4ltlich<\/li>\n<li>andere oder Sonderwerkstoffe auf Anfrage<\/li>\n<li>Sonderwerkstoff 1.4529 \u201eSchwimmbadwerkstoff\u201c erh\u00e4ltlich<\/li>\n<li>auch Sonderl\u00e4ngen verf\u00fcgbar<\/li>\n<\/ul>\n<p><a href=\"https:\/\/2020.finger-online.net\/wp-content\/uploads\/2022\/02\/din7982TX.pdf\">Download Senkkopf-Blechschrauben<\/a><\/p>\n<p>&nbsp;<\/p>","protected":false},"excerpt":{"rendered":"<p>mit Innenvielzahn &#8211; Antrieb (TX) Spezifikationen auch mit Kreuzschlitz H (Phillips) oder Z (Pozi-Drive) erh\u00e4ltlich andere oder Sonderwerkstoffe auf Anfrage Sonderwerkstoff 1.4529 \u201eSchwimmbadwerkstoff\u201c erh\u00e4ltlich auch Sonderl\u00e4ngen verf\u00fcgbar Download Senkkopf-Blechschrauben &nbsp;<\/p>","protected":false},"featured_media":1416,"template":"","meta":[],"product_brand":[],"product_cat":[212],"product_tag":[64],"class_list":{"0":"post-1124","1":"product","2":"type-product","3":"status-publish","4":"has-post-thumbnail","6":"product_cat-din-und-normteile","7":"product_tag-din-und-normteile","9":"first","10":"instock","11":"product-type-simple"},"_links":{"self":[{"href":"https:\/\/2020.finger-online.net\/en\/wp-json\/wp\/v2\/product\/1124","targetHints":{"allow":["GET"]}}],"collection":[{"href":"https:\/\/2020.finger-online.net\/en\/wp-json\/wp\/v2\/product"}],"about":[{"href":"https:\/\/2020.finger-online.net\/en\/wp-json\/wp\/v2\/types\/product"}],"wp:featuredmedia":[{"embeddable":true,"href":"https:\/\/2020.finger-online.net\/en\/wp-json\/wp\/v2\/media\/1416"}],"wp:attachment":[{"href":"https:\/\/2020.finger-online.net\/en\/wp-json\/wp\/v2\/media?parent=1124"}],"wp:term":[{"taxonomy":"product_brand","embeddable":true,"href":"https:\/\/2020.finger-online.net\/en\/wp-json\/wp\/v2\/product_brand?post=1124"},{"taxonomy":"product_cat","embeddable":true,"href":"https:\/\/2020.finger-online.net\/en\/wp-json\/wp\/v2\/product_cat?post=1124"},{"taxonomy":"product_tag","embeddable":true,"href":"https:\/\/2020.finger-online.net\/en\/wp-json\/wp\/v2\/product_tag?post=1124"}],"curies":[{"name":"wp","href":"https:\/\/api.w.org\/{rel}","templated":true}]}}