{"id":1121,"date":"2020-01-08T17:33:35","date_gmt":"2020-01-08T16:33:35","guid":{"rendered":"https:\/\/2020.finger-online.net\/produkt\/linsensenk-blechschrauben-din-7983-a2-a4"},"modified":"2022-02-05T13:20:38","modified_gmt":"2022-02-05T12:20:38","slug":"linsensenk-blechschrauben-din-7983-a2-a4","status":"publish","type":"product","link":"https:\/\/2020.finger-online.net\/en\/product\/linsensenk-blechschrauben-din-7983-a2-a4","title":{"rendered":"raises countersunk sheet metal screws DIN 7983 A2 \/ A4"},"content":{"rendered":"<p>Mit Kreuzschlitz<\/p>\n<h3>Spezifikationen<\/h3>\n<ul>\n<li>Antrieb mit Kreuzschlitz H (Phillips) oder Z (Pozi-Drive)<\/li>\n<li>auch mit Innenvielzahn &#8211; Antrieb (TX) erh\u00e4ltlich<\/li>\n<li>Sonderwerkstoff 1.4529 \u201eSchwimmbadwerkstoff\u201c erh\u00e4ltlich<\/li>\n<li>andere Sonderwerkstoffe auf Anfrage<\/li>\n<li>auch Sonderl\u00e4ngen verf\u00fcgbar<\/li>\n<\/ul>\n<p><a href=\"https:\/\/2020.finger-online.net\/wp-content\/uploads\/2022\/02\/din7983.pdf\">Download Linsensenk-Blechschrauben<\/a><\/p>","protected":false},"excerpt":{"rendered":"<p>Mit Kreuzschlitz Spezifikationen Antrieb mit Kreuzschlitz H (Phillips) oder Z (Pozi-Drive) auch mit Innenvielzahn &#8211; Antrieb (TX) erh\u00e4ltlich Sonderwerkstoff 1.4529 \u201eSchwimmbadwerkstoff\u201c erh\u00e4ltlich andere Sonderwerkstoffe auf Anfrage auch Sonderl\u00e4ngen verf\u00fcgbar Download Linsensenk-Blechschrauben<\/p>","protected":false},"featured_media":1336,"template":"","meta":[],"product_brand":[],"product_cat":[212],"product_tag":[64],"class_list":{"0":"post-1121","1":"product","2":"type-product","3":"status-publish","4":"has-post-thumbnail","6":"product_cat-din-und-normteile","7":"product_tag-din-und-normteile","9":"first","10":"instock","11":"product-type-simple"},"_links":{"self":[{"href":"https:\/\/2020.finger-online.net\/en\/wp-json\/wp\/v2\/product\/1121","targetHints":{"allow":["GET"]}}],"collection":[{"href":"https:\/\/2020.finger-online.net\/en\/wp-json\/wp\/v2\/product"}],"about":[{"href":"https:\/\/2020.finger-online.net\/en\/wp-json\/wp\/v2\/types\/product"}],"wp:featuredmedia":[{"embeddable":true,"href":"https:\/\/2020.finger-online.net\/en\/wp-json\/wp\/v2\/media\/1336"}],"wp:attachment":[{"href":"https:\/\/2020.finger-online.net\/en\/wp-json\/wp\/v2\/media?parent=1121"}],"wp:term":[{"taxonomy":"product_brand","embeddable":true,"href":"https:\/\/2020.finger-online.net\/en\/wp-json\/wp\/v2\/product_brand?post=1121"},{"taxonomy":"product_cat","embeddable":true,"href":"https:\/\/2020.finger-online.net\/en\/wp-json\/wp\/v2\/product_cat?post=1121"},{"taxonomy":"product_tag","embeddable":true,"href":"https:\/\/2020.finger-online.net\/en\/wp-json\/wp\/v2\/product_tag?post=1121"}],"curies":[{"name":"wp","href":"https:\/\/api.w.org\/{rel}","templated":true}]}}