{"id":1119,"date":"2020-01-08T17:33:35","date_gmt":"2020-01-08T16:33:35","guid":{"rendered":"https:\/\/2020.finger-online.net\/produkt\/linsen-blechschrauben-din-7981-a2-a4"},"modified":"2022-02-05T13:25:49","modified_gmt":"2022-02-05T12:25:49","slug":"linsen-blechschrauben-din-7981-a2-a4","status":"publish","type":"product","link":"https:\/\/2020.finger-online.net\/en\/product\/linsen-blechschrauben-din-7981-a2-a4","title":{"rendered":"Lentil sheet metal screws DIN 7981 A2 \/ A4"},"content":{"rendered":"<p>mit Kreuzschlitz<\/p>\n<h3>Spezifikationen<\/h3>\n<ul>\n<li>Antrieb mit Kreuzschlitz H (Phillips) oder Z (Pozi-Drive)<\/li>\n<li>auch mit Innenvielzahn &#8211; Antrieb (TX) erh\u00e4ltlich<\/li>\n<li>Sonderwerkstoff 1.4529 \u201eSchwimmbadwerkstoff\u201c erh\u00e4ltlich<\/li>\n<li>andere Sonderwerkstoffe auf Anfrage<\/li>\n<li>Sonderl\u00e4ngen ebenfalls verf\u00fcgbar<\/li>\n<\/ul>\n<p><a href=\"https:\/\/2020.finger-online.net\/wp-content\/uploads\/2022\/02\/din7981.pdf\">Download Linsen-Blechschrauben<\/a><\/p>","protected":false},"excerpt":{"rendered":"<p>mit Kreuzschlitz Spezifikationen Antrieb mit Kreuzschlitz H (Phillips) oder Z (Pozi-Drive) auch mit Innenvielzahn &#8211; Antrieb (TX) erh\u00e4ltlich Sonderwerkstoff 1.4529 \u201eSchwimmbadwerkstoff\u201c erh\u00e4ltlich andere Sonderwerkstoffe auf Anfrage Sonderl\u00e4ngen ebenfalls verf\u00fcgbar Download Linsen-Blechschrauben<\/p>","protected":false},"featured_media":1334,"template":"","meta":[],"product_brand":[],"product_cat":[212],"product_tag":[64],"class_list":{"0":"post-1119","1":"product","2":"type-product","3":"status-publish","4":"has-post-thumbnail","6":"product_cat-din-und-normteile","7":"product_tag-din-und-normteile","9":"first","10":"instock","11":"product-type-simple"},"_links":{"self":[{"href":"https:\/\/2020.finger-online.net\/en\/wp-json\/wp\/v2\/product\/1119","targetHints":{"allow":["GET"]}}],"collection":[{"href":"https:\/\/2020.finger-online.net\/en\/wp-json\/wp\/v2\/product"}],"about":[{"href":"https:\/\/2020.finger-online.net\/en\/wp-json\/wp\/v2\/types\/product"}],"wp:featuredmedia":[{"embeddable":true,"href":"https:\/\/2020.finger-online.net\/en\/wp-json\/wp\/v2\/media\/1334"}],"wp:attachment":[{"href":"https:\/\/2020.finger-online.net\/en\/wp-json\/wp\/v2\/media?parent=1119"}],"wp:term":[{"taxonomy":"product_brand","embeddable":true,"href":"https:\/\/2020.finger-online.net\/en\/wp-json\/wp\/v2\/product_brand?post=1119"},{"taxonomy":"product_cat","embeddable":true,"href":"https:\/\/2020.finger-online.net\/en\/wp-json\/wp\/v2\/product_cat?post=1119"},{"taxonomy":"product_tag","embeddable":true,"href":"https:\/\/2020.finger-online.net\/en\/wp-json\/wp\/v2\/product_tag?post=1119"}],"curies":[{"name":"wp","href":"https:\/\/api.w.org\/{rel}","templated":true}]}}