{"id":1084,"date":"2020-01-08T17:33:28","date_gmt":"2020-01-08T16:33:28","guid":{"rendered":"https:\/\/2020.finger-online.net\/produkt\/senk-holzschrauben-din-7997-a2-a4"},"modified":"2022-02-05T13:11:51","modified_gmt":"2022-02-05T12:11:51","slug":"senk-holzschrauben-din-7997-a2-a4","status":"publish","type":"product","link":"https:\/\/2020.finger-online.net\/en\/product\/senk-holzschrauben-din-7997-a2-a4","title":{"rendered":"countersunk wood-screws DIN 7997 A2 \/ A4"},"content":{"rendered":"<p>mit Kreuzschlitz<\/p>\n<h3>Spezifikationen<\/h3>\n<ul>\n<li>Antrieb mit Kreuzschlitz H (Phillips) oder Z (Pozi-Drive)<\/li>\n<li>andere oder Sonderwerkstoffe auf Anfrage<\/li>\n<li>auch Sonderl\u00e4ngen verf\u00fcgbar<\/li>\n<\/ul>\n<p><a href=\"https:\/\/2020.finger-online.net\/wp-content\/uploads\/2022\/02\/din7997.pdf\">Download Senk-Holzschrauben<\/a><\/p>\n<p>Klicken Sie hier, um das Dokument als PDF herunterzuladen.<br \/>\n<small>Gr\u00f6\u00dfe: <strong>122,3 KB<\/strong>\u00a0\u00a0\u00a0\u00a0\u00a0Typ: <strong>PDF<\/strong><\/small><\/p>","protected":false},"excerpt":{"rendered":"<p>mit Kreuzschlitz Spezifikationen Antrieb mit Kreuzschlitz H (Phillips) oder Z (Pozi-Drive) andere oder Sonderwerkstoffe auf Anfrage auch Sonderl\u00e4ngen verf\u00fcgbar Download Senk-Holzschrauben Klicken Sie hier, um das Dokument als PDF herunterzuladen. Gr\u00f6\u00dfe: 122,3 KB\u00a0\u00a0\u00a0\u00a0\u00a0Typ: PDF<\/p>","protected":false},"featured_media":1526,"template":"","meta":[],"product_brand":[],"product_cat":[212],"product_tag":[102],"class_list":{"0":"post-1084","1":"product","2":"type-product","3":"status-publish","4":"has-post-thumbnail","6":"product_cat-din-und-normteile","7":"product_tag-holz","9":"first","10":"instock","11":"product-type-simple"},"_links":{"self":[{"href":"https:\/\/2020.finger-online.net\/en\/wp-json\/wp\/v2\/product\/1084","targetHints":{"allow":["GET"]}}],"collection":[{"href":"https:\/\/2020.finger-online.net\/en\/wp-json\/wp\/v2\/product"}],"about":[{"href":"https:\/\/2020.finger-online.net\/en\/wp-json\/wp\/v2\/types\/product"}],"wp:featuredmedia":[{"embeddable":true,"href":"https:\/\/2020.finger-online.net\/en\/wp-json\/wp\/v2\/media\/1526"}],"wp:attachment":[{"href":"https:\/\/2020.finger-online.net\/en\/wp-json\/wp\/v2\/media?parent=1084"}],"wp:term":[{"taxonomy":"product_brand","embeddable":true,"href":"https:\/\/2020.finger-online.net\/en\/wp-json\/wp\/v2\/product_brand?post=1084"},{"taxonomy":"product_cat","embeddable":true,"href":"https:\/\/2020.finger-online.net\/en\/wp-json\/wp\/v2\/product_cat?post=1084"},{"taxonomy":"product_tag","embeddable":true,"href":"https:\/\/2020.finger-online.net\/en\/wp-json\/wp\/v2\/product_tag?post=1084"}],"curies":[{"name":"wp","href":"https:\/\/api.w.org\/{rel}","templated":true}]}}