{"id":1082,"date":"2020-01-08T17:33:28","date_gmt":"2020-01-08T16:33:28","guid":{"rendered":"https:\/\/2020.finger-online.net\/produkt\/spanplattenschrauben-senkkopf-a2-a4"},"modified":"2020-01-29T19:48:44","modified_gmt":"2020-01-29T18:48:44","slug":"spanplattenschrauben-senkkopf-a2-a4","status":"publish","type":"product","link":"https:\/\/2020.finger-online.net\/en\/product\/spanplattenschrauben-senkkopf-a2-a4","title":{"rendered":"chipboard screws countersunk head A2 \/ A4"},"content":{"rendered":"<h3>Spezifikationen<\/h3>\n<ul>\n<li>Teil- oder Vollgewinde<\/li>\n<li>TX- Antrieb oder Kreuzschlitz &#8211; Antrieb<\/li>\n<li>andere oder Sonderwerkstoffe auf Anfrage<\/li>\n<li>auch Sondergr\u00f6\u00dfen verf\u00fcgbar<\/li>\n<\/ul>","protected":false},"excerpt":{"rendered":"<p>Spezifikationen Teil- oder Vollgewinde TX- Antrieb oder Kreuzschlitz &#8211; Antrieb andere oder Sonderwerkstoffe auf Anfrage auch Sondergr\u00f6\u00dfen verf\u00fcgbar<\/p>","protected":false},"featured_media":1524,"template":"","meta":[],"product_brand":[],"product_cat":[212],"product_tag":[100],"class_list":{"0":"post-1082","1":"product","2":"type-product","3":"status-publish","4":"has-post-thumbnail","6":"product_cat-din-und-normteile","7":"product_tag-schraube","9":"first","10":"instock","11":"product-type-simple"},"_links":{"self":[{"href":"https:\/\/2020.finger-online.net\/en\/wp-json\/wp\/v2\/product\/1082","targetHints":{"allow":["GET"]}}],"collection":[{"href":"https:\/\/2020.finger-online.net\/en\/wp-json\/wp\/v2\/product"}],"about":[{"href":"https:\/\/2020.finger-online.net\/en\/wp-json\/wp\/v2\/types\/product"}],"wp:featuredmedia":[{"embeddable":true,"href":"https:\/\/2020.finger-online.net\/en\/wp-json\/wp\/v2\/media\/1524"}],"wp:attachment":[{"href":"https:\/\/2020.finger-online.net\/en\/wp-json\/wp\/v2\/media?parent=1082"}],"wp:term":[{"taxonomy":"product_brand","embeddable":true,"href":"https:\/\/2020.finger-online.net\/en\/wp-json\/wp\/v2\/product_brand?post=1082"},{"taxonomy":"product_cat","embeddable":true,"href":"https:\/\/2020.finger-online.net\/en\/wp-json\/wp\/v2\/product_cat?post=1082"},{"taxonomy":"product_tag","embeddable":true,"href":"https:\/\/2020.finger-online.net\/en\/wp-json\/wp\/v2\/product_tag?post=1082"}],"curies":[{"name":"wp","href":"https:\/\/api.w.org\/{rel}","templated":true}]}}