{"id":1061,"date":"2020-01-08T17:33:25","date_gmt":"2020-01-08T16:33:25","guid":{"rendered":"https:\/\/2020.finger-online.net\/produkt\/unterlegscheiben-din-9021-a2-a4"},"modified":"2022-02-05T13:09:48","modified_gmt":"2022-02-05T12:09:48","slug":"unterlegscheiben-din-9021-a2-a4","status":"publish","type":"product","link":"https:\/\/2020.finger-online.net\/en\/product\/unterlegscheiben-din-9021-a2-a4","title":{"rendered":"washers DIN 9021 A2 \/ A4"},"content":{"rendered":"<p>Au\u00dfendurchmesser \u2248 3 x Schraubendurchmesser<\/p>\n<h3>Spezifikationen<\/h3>\n<ul>\n<li>andere oder Sonderwerkstoffe ebenfalls auf Anfrage<\/li>\n<li>auch Sondergr\u00f6\u00dfen verf\u00fcgbar<\/li>\n<li>Sonderwerkstoff 1.4529 \u201eSchwimmbadwerkstoff\u201c erh\u00e4ltlich<\/li>\n<\/ul>\n<p><a href=\"https:\/\/2020.finger-online.net\/wp-content\/uploads\/2022\/02\/din9021.pdf\">Download Unterlegscheiben<\/a><\/p>\n<p>Klicken Sie hier, um das Dokument als PDF herunterzuladen.<br \/>\n<small>Gr\u00f6\u00dfe: <strong>127,4 KB<\/strong>\u00a0\u00a0\u00a0\u00a0\u00a0Typ: <strong>PDF<\/strong><\/small><\/p>","protected":false},"excerpt":{"rendered":"<p>Au\u00dfendurchmesser \u2248 3 x Schraubendurchmesser Spezifikationen andere oder Sonderwerkstoffe ebenfalls auf Anfrage auch Sondergr\u00f6\u00dfen verf\u00fcgbar Sonderwerkstoff 1.4529 \u201eSchwimmbadwerkstoff\u201c erh\u00e4ltlich Download Unterlegscheiben Klicken Sie hier, um das Dokument als PDF herunterzuladen. Gr\u00f6\u00dfe: 127,4 KB\u00a0\u00a0\u00a0\u00a0\u00a0Typ: PDF<\/p>","protected":false},"featured_media":1530,"template":"","meta":[],"product_brand":[],"product_cat":[212],"product_tag":[35],"class_list":{"0":"post-1061","1":"product","2":"type-product","3":"status-publish","4":"has-post-thumbnail","6":"product_cat-din-und-normteile","7":"product_tag-simple","9":"first","10":"instock","11":"product-type-simple"},"_links":{"self":[{"href":"https:\/\/2020.finger-online.net\/en\/wp-json\/wp\/v2\/product\/1061","targetHints":{"allow":["GET"]}}],"collection":[{"href":"https:\/\/2020.finger-online.net\/en\/wp-json\/wp\/v2\/product"}],"about":[{"href":"https:\/\/2020.finger-online.net\/en\/wp-json\/wp\/v2\/types\/product"}],"wp:featuredmedia":[{"embeddable":true,"href":"https:\/\/2020.finger-online.net\/en\/wp-json\/wp\/v2\/media\/1530"}],"wp:attachment":[{"href":"https:\/\/2020.finger-online.net\/en\/wp-json\/wp\/v2\/media?parent=1061"}],"wp:term":[{"taxonomy":"product_brand","embeddable":true,"href":"https:\/\/2020.finger-online.net\/en\/wp-json\/wp\/v2\/product_brand?post=1061"},{"taxonomy":"product_cat","embeddable":true,"href":"https:\/\/2020.finger-online.net\/en\/wp-json\/wp\/v2\/product_cat?post=1061"},{"taxonomy":"product_tag","embeddable":true,"href":"https:\/\/2020.finger-online.net\/en\/wp-json\/wp\/v2\/product_tag?post=1061"}],"curies":[{"name":"wp","href":"https:\/\/api.w.org\/{rel}","templated":true}]}}