{"id":1060,"date":"2020-01-08T17:33:25","date_gmt":"2020-01-08T16:33:25","guid":{"rendered":"https:\/\/2020.finger-online.net\/produkt\/unterlegscheiben-din-125-a2-a4"},"modified":"2022-02-05T17:02:39","modified_gmt":"2022-02-05T16:02:39","slug":"unterlegscheiben-din-125-a2-a4","status":"publish","type":"product","link":"https:\/\/2020.finger-online.net\/en\/product\/unterlegscheiben-din-125-a2-a4","title":{"rendered":"washers DIN 125 A2 \/ A4"},"content":{"rendered":"<p>vorzugsweise f\u00fcr Sechskantschrauben und -Muttern<\/p>\n<h3>Spezifikationen<\/h3>\n<ul>\n<li>andere oder Sonderwerkstoffe auf Anfrage<\/li>\n<li>auch Sondergr\u00f6\u00dfen verf\u00fcgbar<\/li>\n<li>Sonderwerkstoff 1.4529 \u201eSchwimmbadwerkstoff\u201c erh\u00e4ltlich<\/li>\n<\/ul>\n<p><a title=\"Unterlegscheiben\" href=\"https:\/\/2020.finger-online.net\/wp-content\/uploads\/2022\/02\/din125.pdf\">Download DIN-125<\/a><\/p>\n<p>Klicken Sie hier, um das Dokument als PDF herunterzuladen.<br \/>\n<small>Gr\u00f6\u00dfe: <strong>69,6 KB<\/strong>\u00a0\u00a0\u00a0\u00a0\u00a0Typ: <strong>PDF<\/strong><\/small><\/p>","protected":false},"excerpt":{"rendered":"<p>vorzugsweise f\u00fcr Sechskantschrauben und -Muttern Spezifikationen andere oder Sonderwerkstoffe auf Anfrage auch Sondergr\u00f6\u00dfen verf\u00fcgbar Sonderwerkstoff 1.4529 \u201eSchwimmbadwerkstoff\u201c erh\u00e4ltlich Download DIN-125 Klicken Sie hier, um das Dokument als PDF herunterzuladen. Gr\u00f6\u00dfe: 69,6 KB\u00a0\u00a0\u00a0\u00a0\u00a0Typ: PDF<\/p>","protected":false},"featured_media":1531,"template":"","meta":[],"product_brand":[],"product_cat":[212],"product_tag":[88],"class_list":{"0":"post-1060","1":"product","2":"type-product","3":"status-publish","4":"has-post-thumbnail","6":"product_cat-din-und-normteile","7":"product_tag-scheiben","9":"first","10":"instock","11":"product-type-simple"},"_links":{"self":[{"href":"https:\/\/2020.finger-online.net\/en\/wp-json\/wp\/v2\/product\/1060","targetHints":{"allow":["GET"]}}],"collection":[{"href":"https:\/\/2020.finger-online.net\/en\/wp-json\/wp\/v2\/product"}],"about":[{"href":"https:\/\/2020.finger-online.net\/en\/wp-json\/wp\/v2\/types\/product"}],"wp:featuredmedia":[{"embeddable":true,"href":"https:\/\/2020.finger-online.net\/en\/wp-json\/wp\/v2\/media\/1531"}],"wp:attachment":[{"href":"https:\/\/2020.finger-online.net\/en\/wp-json\/wp\/v2\/media?parent=1060"}],"wp:term":[{"taxonomy":"product_brand","embeddable":true,"href":"https:\/\/2020.finger-online.net\/en\/wp-json\/wp\/v2\/product_brand?post=1060"},{"taxonomy":"product_cat","embeddable":true,"href":"https:\/\/2020.finger-online.net\/en\/wp-json\/wp\/v2\/product_cat?post=1060"},{"taxonomy":"product_tag","embeddable":true,"href":"https:\/\/2020.finger-online.net\/en\/wp-json\/wp\/v2\/product_tag?post=1060"}],"curies":[{"name":"wp","href":"https:\/\/api.w.org\/{rel}","templated":true}]}}