{"id":1045,"date":"2020-01-08T17:33:21","date_gmt":"2020-01-08T16:33:21","guid":{"rendered":"https:\/\/2020.finger-online.net\/produkt\/sechskantmuttern-din-985-a2-a4"},"modified":"2022-02-05T16:35:54","modified_gmt":"2022-02-05T15:35:54","slug":"sechskantmuttern-din-985-a2-a4","status":"publish","type":"product","link":"https:\/\/2020.finger-online.net\/en\/product\/sechskantmuttern-din-985-a2-a4","title":{"rendered":"hexagon nuts DIN 985 A2 \/ A4"},"content":{"rendered":"<p>mit Klemmteil, niedrige Form, nichtmetallischer Einsatz<\/p>\n<h3>Spezifikationen<\/h3>\n<ul>\n<li>andere oder Sonderwerkstoffe ebenfalls auf Anfrage<\/li>\n<li>auch Sondergr\u00f6\u00dfen verf\u00fcgbar<\/li>\n<\/ul>\n<p><a title=\"Sechskantmuttern\" href=\"https:\/\/2020.finger-online.net\/wp-content\/uploads\/2022\/02\/din985.pdf\">Download DIN-985<\/a><\/p>\n<p>Klicken Sie hier, um das Dokument als PDF herunterzuladen.<br \/>\n<small>Gr\u00f6\u00dfe: <strong>77,9 KB<\/strong>\u00a0\u00a0\u00a0\u00a0\u00a0Typ: <strong>PDF<\/strong><\/small><\/p>","protected":false},"excerpt":{"rendered":"<p>mit Klemmteil, niedrige Form, nichtmetallischer Einsatz Spezifikationen andere oder Sonderwerkstoffe ebenfalls auf Anfrage auch Sondergr\u00f6\u00dfen verf\u00fcgbar Download DIN-985 Klicken Sie hier, um das Dokument als PDF herunterzuladen. Gr\u00f6\u00dfe: 77,9 KB\u00a0\u00a0\u00a0\u00a0\u00a0Typ: PDF<\/p>","protected":false},"featured_media":1547,"template":"","meta":[],"product_brand":[],"product_cat":[212],"product_tag":[49],"class_list":{"0":"post-1045","1":"product","2":"type-product","3":"status-publish","4":"has-post-thumbnail","6":"product_cat-din-und-normteile","7":"product_tag-mutter","9":"first","10":"instock","11":"product-type-simple"},"_links":{"self":[{"href":"https:\/\/2020.finger-online.net\/en\/wp-json\/wp\/v2\/product\/1045","targetHints":{"allow":["GET"]}}],"collection":[{"href":"https:\/\/2020.finger-online.net\/en\/wp-json\/wp\/v2\/product"}],"about":[{"href":"https:\/\/2020.finger-online.net\/en\/wp-json\/wp\/v2\/types\/product"}],"wp:featuredmedia":[{"embeddable":true,"href":"https:\/\/2020.finger-online.net\/en\/wp-json\/wp\/v2\/media\/1547"}],"wp:attachment":[{"href":"https:\/\/2020.finger-online.net\/en\/wp-json\/wp\/v2\/media?parent=1045"}],"wp:term":[{"taxonomy":"product_brand","embeddable":true,"href":"https:\/\/2020.finger-online.net\/en\/wp-json\/wp\/v2\/product_brand?post=1045"},{"taxonomy":"product_cat","embeddable":true,"href":"https:\/\/2020.finger-online.net\/en\/wp-json\/wp\/v2\/product_cat?post=1045"},{"taxonomy":"product_tag","embeddable":true,"href":"https:\/\/2020.finger-online.net\/en\/wp-json\/wp\/v2\/product_tag?post=1045"}],"curies":[{"name":"wp","href":"https:\/\/api.w.org\/{rel}","templated":true}]}}