{"id":1041,"date":"2020-01-08T17:33:21","date_gmt":"2020-01-08T16:33:21","guid":{"rendered":"https:\/\/2020.finger-online.net\/produkt\/gewindestuecke-din-976-a2-a4"},"modified":"2020-01-29T20:18:20","modified_gmt":"2020-01-29T19:18:20","slug":"gewindestuecke-din-976-a2-a4","status":"publish","type":"product","link":"https:\/\/2020.finger-online.net\/en\/product\/gewindestuecke-din-976-a2-a4","title":{"rendered":"Threaded joints DIN 976 A2 \/ A4"},"content":{"rendered":"<h3>Spezifikationen<\/h3>\n<ul>\n<li>andere oder Sonderwerkstoffe auf Anfrage<\/li>\n<li>auch Sondergr\u00f6\u00dfen verf\u00fcgbar<\/li>\n<\/ul>","protected":false},"excerpt":{"rendered":"<p>Spezifikationen andere oder Sonderwerkstoffe auf Anfrage auch Sondergr\u00f6\u00dfen verf\u00fcgbar<\/p>","protected":false},"featured_media":1540,"template":"","meta":[],"product_brand":[],"product_cat":[212],"product_tag":[81],"class_list":{"0":"post-1041","1":"product","2":"type-product","3":"status-publish","4":"has-post-thumbnail","6":"product_cat-din-und-normteile","7":"product_tag-gewindestuecke","9":"first","10":"instock","11":"product-type-simple"},"_links":{"self":[{"href":"https:\/\/2020.finger-online.net\/en\/wp-json\/wp\/v2\/product\/1041","targetHints":{"allow":["GET"]}}],"collection":[{"href":"https:\/\/2020.finger-online.net\/en\/wp-json\/wp\/v2\/product"}],"about":[{"href":"https:\/\/2020.finger-online.net\/en\/wp-json\/wp\/v2\/types\/product"}],"wp:featuredmedia":[{"embeddable":true,"href":"https:\/\/2020.finger-online.net\/en\/wp-json\/wp\/v2\/media\/1540"}],"wp:attachment":[{"href":"https:\/\/2020.finger-online.net\/en\/wp-json\/wp\/v2\/media?parent=1041"}],"wp:term":[{"taxonomy":"product_brand","embeddable":true,"href":"https:\/\/2020.finger-online.net\/en\/wp-json\/wp\/v2\/product_brand?post=1041"},{"taxonomy":"product_cat","embeddable":true,"href":"https:\/\/2020.finger-online.net\/en\/wp-json\/wp\/v2\/product_cat?post=1041"},{"taxonomy":"product_tag","embeddable":true,"href":"https:\/\/2020.finger-online.net\/en\/wp-json\/wp\/v2\/product_tag?post=1041"}],"curies":[{"name":"wp","href":"https:\/\/api.w.org\/{rel}","templated":true}]}}