{"id":1004,"date":"2020-01-08T17:33:14","date_gmt":"2020-01-08T16:33:14","guid":{"rendered":"https:\/\/2020.finger-online.net\/produkt\/gewindestifte-din-916-a2-a4"},"modified":"2022-02-05T16:43:32","modified_gmt":"2022-02-05T15:43:32","slug":"gewindestifte-din-916-a2-a4","status":"publish","type":"product","link":"https:\/\/2020.finger-online.net\/en\/product\/gewindestifte-din-916-a2-a4","title":{"rendered":"Threaded pins DIN 916 A2 \/ A4"},"content":{"rendered":"<h5>mit Innensechskant und Ringschneide<\/h5>\n<h3>Spezifikationen<\/h3>\n<ul>\n<li>auch mit Innenvielzahn &#8211; Antrieb (TX) erh\u00e4ltlich<\/li>\n<li>andere oder Sonderwerkstoffe auf Anfrage<\/li>\n<li>auch Sonderl\u00e4ngen verf\u00fcgbar<\/li>\n<\/ul>\n<p><a title=\"threaded pins\" href=\"https:\/\/2020.finger-online.net\/wp-content\/uploads\/2022\/02\/din916.pdf\">Download DIN-916<\/a><\/p>\n<p>Klicken Sie hier, um das Dokument als PDF herunterzuladen.<br \/>\n<small>Gr\u00f6\u00dfe: <strong>96,9 KB<\/strong>\u00a0\u00a0\u00a0\u00a0\u00a0Typ: <strong>PDF<\/strong><\/small><\/p>","protected":false},"excerpt":{"rendered":"<p>mit Innensechskant und Ringschneide Spezifikationen auch mit Innenvielzahn &#8211; Antrieb (TX) erh\u00e4ltlich andere oder Sonderwerkstoffe auf Anfrage auch Sonderl\u00e4ngen verf\u00fcgbar Download DIN-916 Klicken Sie hier, um das Dokument als PDF herunterzuladen. Gr\u00f6\u00dfe: 96,9 KB\u00a0\u00a0\u00a0\u00a0\u00a0Typ: PDF<\/p>","protected":false},"featured_media":1704,"template":"","meta":[],"product_brand":[],"product_cat":[212],"product_tag":[46],"class_list":{"0":"post-1004","1":"product","2":"type-product","3":"status-publish","4":"has-post-thumbnail","6":"product_cat-din-und-normteile","7":"product_tag-gewindestifte","9":"first","10":"instock","11":"product-type-simple"},"_links":{"self":[{"href":"https:\/\/2020.finger-online.net\/en\/wp-json\/wp\/v2\/product\/1004","targetHints":{"allow":["GET"]}}],"collection":[{"href":"https:\/\/2020.finger-online.net\/en\/wp-json\/wp\/v2\/product"}],"about":[{"href":"https:\/\/2020.finger-online.net\/en\/wp-json\/wp\/v2\/types\/product"}],"wp:featuredmedia":[{"embeddable":true,"href":"https:\/\/2020.finger-online.net\/en\/wp-json\/wp\/v2\/media\/1704"}],"wp:attachment":[{"href":"https:\/\/2020.finger-online.net\/en\/wp-json\/wp\/v2\/media?parent=1004"}],"wp:term":[{"taxonomy":"product_brand","embeddable":true,"href":"https:\/\/2020.finger-online.net\/en\/wp-json\/wp\/v2\/product_brand?post=1004"},{"taxonomy":"product_cat","embeddable":true,"href":"https:\/\/2020.finger-online.net\/en\/wp-json\/wp\/v2\/product_cat?post=1004"},{"taxonomy":"product_tag","embeddable":true,"href":"https:\/\/2020.finger-online.net\/en\/wp-json\/wp\/v2\/product_tag?post=1004"}],"curies":[{"name":"wp","href":"https:\/\/api.w.org\/{rel}","templated":true}]}}