{"id":1000,"date":"2020-01-08T17:33:14","date_gmt":"2020-01-08T16:33:14","guid":{"rendered":"https:\/\/2020.finger-online.net\/produkt\/flachrundschrauben-din-603-a2-a4"},"modified":"2022-02-05T16:48:48","modified_gmt":"2022-02-05T15:48:48","slug":"flachrundschrauben-din-603-a2-a4","status":"publish","type":"product","link":"https:\/\/2020.finger-online.net\/en\/product\/flachrundschrauben-din-603-a2-a4","title":{"rendered":"Flat base screws DIN 603 A2 \/ A4"},"content":{"rendered":"<h5>mit Vierkantansatz<\/h5>\n<h3>Spezifikationen<\/h3>\n<ul>\n<li>andere oder Sonderwerkstoffe ebenfalls auf Anfrage<\/li>\n<li>Vollgewinde\/Teilgewinde erh\u00e4ltlich<\/li>\n<li>auch Sonderl\u00e4ngen verf\u00fcgbar<\/li>\n<li>Kopflochbohrungen etc. auf Anfrage<\/li>\n<\/ul>\n<p><a title=\"Flachrundschrauben\" href=\"https:\/\/2020.finger-online.net\/wp-content\/uploads\/2022\/02\/din603.pdf\">Download DIN-603<\/a><\/p>\n<p>Klicken Sie hier, um das Dokument als PDF herunterzuladen.<br \/>\n<small>Gr\u00f6\u00dfe: <strong>58,5 KB<\/strong>\u00a0\u00a0\u00a0\u00a0\u00a0Typ: <strong>PDF<\/strong><\/small><\/p>","protected":false},"excerpt":{"rendered":"<p>mit Vierkantansatz Spezifikationen andere oder Sonderwerkstoffe ebenfalls auf Anfrage Vollgewinde\/Teilgewinde erh\u00e4ltlich auch Sonderl\u00e4ngen verf\u00fcgbar Kopflochbohrungen etc. auf Anfrage Download DIN-603 Klicken Sie hier, um das Dokument als PDF herunterzuladen. Gr\u00f6\u00dfe: 58,5 KB\u00a0\u00a0\u00a0\u00a0\u00a0Typ: PDF<\/p>","protected":false},"featured_media":1700,"template":"","meta":[],"product_brand":[],"product_cat":[212],"product_tag":[42],"class_list":{"0":"post-1000","1":"product","2":"type-product","3":"status-publish","4":"has-post-thumbnail","6":"product_cat-din-und-normteile","7":"product_tag-flachrundschraube","9":"first","10":"instock","11":"product-type-simple"},"_links":{"self":[{"href":"https:\/\/2020.finger-online.net\/en\/wp-json\/wp\/v2\/product\/1000","targetHints":{"allow":["GET"]}}],"collection":[{"href":"https:\/\/2020.finger-online.net\/en\/wp-json\/wp\/v2\/product"}],"about":[{"href":"https:\/\/2020.finger-online.net\/en\/wp-json\/wp\/v2\/types\/product"}],"wp:featuredmedia":[{"embeddable":true,"href":"https:\/\/2020.finger-online.net\/en\/wp-json\/wp\/v2\/media\/1700"}],"wp:attachment":[{"href":"https:\/\/2020.finger-online.net\/en\/wp-json\/wp\/v2\/media?parent=1000"}],"wp:term":[{"taxonomy":"product_brand","embeddable":true,"href":"https:\/\/2020.finger-online.net\/en\/wp-json\/wp\/v2\/product_brand?post=1000"},{"taxonomy":"product_cat","embeddable":true,"href":"https:\/\/2020.finger-online.net\/en\/wp-json\/wp\/v2\/product_cat?post=1000"},{"taxonomy":"product_tag","embeddable":true,"href":"https:\/\/2020.finger-online.net\/en\/wp-json\/wp\/v2\/product_tag?post=1000"}],"curies":[{"name":"wp","href":"https:\/\/api.w.org\/{rel}","templated":true}]}}