{"id":45,"date":"2020-01-07T13:48:03","date_gmt":"2020-01-07T13:48:03","guid":{"rendered":"https:\/\/2020.finger-online.net\/?page_id=45"},"modified":"2020-01-29T16:55:19","modified_gmt":"2020-01-29T15:55:19","slug":"c-teile-management","status":"publish","type":"page","link":"https:\/\/2020.finger-online.net\/en\/c-teile-management","title":{"rendered":"C-Parts-Management"},"content":{"rendered":"<div data-elementor-type=\"wp-page\" data-elementor-id=\"45\" class=\"elementor elementor-45\">\n\t\t\t\t\t\t<section class=\"elementor-section elementor-top-section elementor-element elementor-element-d25dde2 elementor-section-stretched elementor-section-boxed elementor-section-height-default elementor-section-height-default\" data-id=\"d25dde2\" data-element_type=\"section\" data-e-type=\"section\" data-settings=\"{&quot;stretch_section&quot;:&quot;section-stretched&quot;}\">\n\t\t\t\t\t\t<div class=\"elementor-container elementor-column-gap-default\">\n\t\t\t\t\t<div class=\"elementor-column elementor-col-100 elementor-top-column elementor-element elementor-element-0a5d5b5\" data-id=\"0a5d5b5\" data-element_type=\"column\" data-e-type=\"column\">\n\t\t\t<div class=\"elementor-widget-wrap elementor-element-populated\">\n\t\t\t\t\t\t<div class=\"elementor-element elementor-element-8a694ae elementor-widget elementor-widget-text-editor\" data-id=\"8a694ae\" data-element_type=\"widget\" data-e-type=\"widget\" data-widget_type=\"text-editor.default\">\n\t\t\t\t<div class=\"elementor-widget-container\">\n\t\t\t\t\t\t\t\t\t<p>Logistics concepts and solutions<\/p><p>The specific requirements of a logistics concept for C-parts vary depending on your industry and your company. \u201cA concept that is perfect for you, may not be acceptable for another company.\u201d This is why we apply your requirements profile when developing an individual solution that is tailored to your business. From defining and identifying the C-parts for your business and the relevant stock quantities to ensure continuity, to detailed planning and execution we can help and serve as a \u201ctrue\u201d partner for your business.<\/p><p>Modern IT allows solutions that save both time and money. We can limit your business processes to only what is \u201cabsolutely necessary\u201d by providing a continuous service for managing your stock of C-parts.\n\nOur primary tools consist of stock determination solutions with scanners and e-mail or SMS messages that can be integrated into your C-parts storage system. Our solutions are compatible with the following basic system types:<\/p><ul><li>KANBAN<\/li><li>Two-bin system<\/li><li>Consignment warehouse<\/li><li>Call-off warehouse<\/li><\/ul><p>Other variants and formats can be discussed in person and can be adapted to suit your requirements. No matter what system you use: We never let achieving maximum synergy take priority over the fundamental aims of limiting tied-up capital, reducing process depth and simplifying workflows.<\/p>\t\t\t\t\t\t\t\t<\/div>\n\t\t\t\t<\/div>\n\t\t\t\t\t<\/div>\n\t\t<\/div>\n\t\t\t\t\t<\/div>\n\t\t<\/section>\n\t\t\t\t<section class=\"elementor-section elementor-top-section elementor-element elementor-element-a09db6f elementor-section-stretched elementor-section-boxed elementor-section-height-default elementor-section-height-default\" data-id=\"a09db6f\" data-element_type=\"section\" data-e-type=\"section\" data-settings=\"{&quot;stretch_section&quot;:&quot;section-stretched&quot;}\">\n\t\t\t\t\t\t<div class=\"elementor-container elementor-column-gap-default\">\n\t\t\t\t\t<div class=\"elementor-column elementor-col-50 elementor-top-column elementor-element elementor-element-437ed6d\" data-id=\"437ed6d\" data-element_type=\"column\" data-e-type=\"column\">\n\t\t\t<div class=\"elementor-widget-wrap elementor-element-populated\">\n\t\t\t\t\t\t<div class=\"elementor-element elementor-element-df49a44 elementor-widget elementor-widget-image\" data-id=\"df49a44\" data-element_type=\"widget\" data-e-type=\"widget\" data-widget_type=\"image.default\">\n\t\t\t\t<div class=\"elementor-widget-container\">\n\t\t\t\t\t\t\t\t\t\t\t\t\t\t\t<img fetchpriority=\"high\" decoding=\"async\" width=\"300\" height=\"300\" src=\"https:\/\/2020.finger-online.net\/wp-content\/uploads\/2020\/01\/P1150314-Bearbeitet_web-300x300-1.jpg\" class=\"attachment-large size-large wp-image-1500\" alt=\"\" srcset=\"https:\/\/2020.finger-online.net\/wp-content\/uploads\/2020\/01\/P1150314-Bearbeitet_web-300x300-1.jpg 300w, https:\/\/2020.finger-online.net\/wp-content\/uploads\/2020\/01\/P1150314-Bearbeitet_web-300x300-1-120x120.jpg 120w, https:\/\/2020.finger-online.net\/wp-content\/uploads\/2020\/01\/P1150314-Bearbeitet_web-300x300-1-100x100.jpg 100w\" sizes=\"(max-width: 300px) 100vw, 300px\" \/>\t\t\t\t\t\t\t\t\t\t\t\t\t\t\t<\/div>\n\t\t\t\t<\/div>\n\t\t\t\t\t<\/div>\n\t\t<\/div>\n\t\t\t\t<div class=\"elementor-column elementor-col-50 elementor-top-column elementor-element elementor-element-bed83ab\" data-id=\"bed83ab\" data-element_type=\"column\" data-e-type=\"column\">\n\t\t\t<div class=\"elementor-widget-wrap elementor-element-populated\">\n\t\t\t\t\t\t<div class=\"elementor-element elementor-element-9f7cec9 elementor-widget elementor-widget-image\" data-id=\"9f7cec9\" data-element_type=\"widget\" data-e-type=\"widget\" data-widget_type=\"image.default\">\n\t\t\t\t<div class=\"elementor-widget-container\">\n\t\t\t\t\t\t\t\t\t\t\t\t\t\t\t<img decoding=\"async\" width=\"300\" height=\"300\" src=\"https:\/\/2020.finger-online.net\/wp-content\/uploads\/2020\/01\/P1150336-Bearbeitet_web-300x300-1.jpg\" class=\"attachment-large size-large wp-image-1499\" alt=\"\" srcset=\"https:\/\/2020.finger-online.net\/wp-content\/uploads\/2020\/01\/P1150336-Bearbeitet_web-300x300-1.jpg 300w, https:\/\/2020.finger-online.net\/wp-content\/uploads\/2020\/01\/P1150336-Bearbeitet_web-300x300-1-120x120.jpg 120w, https:\/\/2020.finger-online.net\/wp-content\/uploads\/2020\/01\/P1150336-Bearbeitet_web-300x300-1-100x100.jpg 100w\" sizes=\"(max-width: 300px) 100vw, 300px\" \/>\t\t\t\t\t\t\t\t\t\t\t\t\t\t\t<\/div>\n\t\t\t\t<\/div>\n\t\t\t\t\t<\/div>\n\t\t<\/div>\n\t\t\t\t\t<\/div>\n\t\t<\/section>\n\t\t\t\t<\/div>","protected":false},"excerpt":{"rendered":"<p>Logistik-Konzepte und L\u00f6sungen Je nach Branche und Unternehmen variieren die betriebsspezifischen Anforderungen an ein Logistikkonzept f\u00fcr C-Teile. \u201eDas was f\u00fcr den einen optimal erscheint, ist f\u00fcr den n\u00e4chsten nicht akzeptabel.\u201c Deswegen erarbeiten wir in Verbindung mit Ihrem Anforderungsprofil eine individuelle L\u00f6sung, die auf Ihr Unternehmen zugeschnitten ist. Von der Bestimmung und Festlegung Ihrer C-Teile mit [&hellip;]<\/p>\n","protected":false},"author":1,"featured_media":0,"parent":0,"menu_order":0,"comment_status":"closed","ping_status":"closed","template":"","meta":{"footnotes":""},"class_list":["post-45","page","type-page","status-publish","hentry"],"_links":{"self":[{"href":"https:\/\/2020.finger-online.net\/en\/wp-json\/wp\/v2\/pages\/45","targetHints":{"allow":["GET"]}}],"collection":[{"href":"https:\/\/2020.finger-online.net\/en\/wp-json\/wp\/v2\/pages"}],"about":[{"href":"https:\/\/2020.finger-online.net\/en\/wp-json\/wp\/v2\/types\/page"}],"author":[{"embeddable":true,"href":"https:\/\/2020.finger-online.net\/en\/wp-json\/wp\/v2\/users\/1"}],"replies":[{"embeddable":true,"href":"https:\/\/2020.finger-online.net\/en\/wp-json\/wp\/v2\/comments?post=45"}],"version-history":[{"count":3,"href":"https:\/\/2020.finger-online.net\/en\/wp-json\/wp\/v2\/pages\/45\/revisions"}],"predecessor-version":[{"id":1501,"href":"https:\/\/2020.finger-online.net\/en\/wp-json\/wp\/v2\/pages\/45\/revisions\/1501"}],"wp:attachment":[{"href":"https:\/\/2020.finger-online.net\/en\/wp-json\/wp\/v2\/media?parent=45"}],"curies":[{"name":"wp","href":"https:\/\/api.w.org\/{rel}","templated":true}]}}